{"id":776,"date":"2025-04-04T14:05:47","date_gmt":"2025-04-04T14:05:47","guid":{"rendered":"https:\/\/www.senwai.com.vn\/products\/masterlock-1175dlh\/"},"modified":"2025-04-04T14:23:16","modified_gmt":"2025-04-04T14:23:16","slug":"masterlock-1175dlh","status":"publish","type":"product","link":"https:\/\/www.senwai.com.vn\/en\/products\/masterlock-1175dlh\/","title":{"rendered":"MASTERLOCK 1175DLH"},"content":{"rendered":"<div class=\"product-detail-grid__features\">\n<h3 class=\"h5\"><strong><span style=\"font-size: 24px;\">Features<\/span><\/strong><\/h3>\n<ul class=\"product-features-list pl-4\">\n<li class=\"mt-2\"><span style=\"font-size: 18px;\">ProSeries\u00ae resettable combination locks are designed for Commercial\/Industrial applications<\/span><\/li>\n<li class=\"mt-2\"><span style=\"font-size: 18px;\">Set-your-own 4-digit combination for convenience and security; 10,000 possible combinations<\/span><\/li>\n<li class=\"mt-2\"><span style=\"font-size: 18px;\">No reset tool required<\/span><\/li>\n<li class=\"mt-2\"><span style=\"font-size: 18px;\">Intuitive dials designed to stop at zero, allowing for easy operation even without visual guidance. Ideal for use with gloves or in the dark<\/span><\/li>\n<li class=\"mt-2\"><span style=\"font-size: 18px;\">Deadlocking mechanism protects against prying, shimming and rap attacks<\/span><\/li>\n<li class=\"mt-2\"><span style=\"font-size: 18px;\">Shackle seal and dial dust cover protect internal components and dials for trouble-free operation<\/span><\/li>\n<li class=\"mt-2\"><span style=\"font-size: 18px;\">2-1\/4in (57mm) wide solid brass body for superior corrosion resistance<\/span><\/li>\n<li class=\"mt-2\"><span style=\"font-size: 18px;\">2-1\/16in (53mm) octagonal boron-carbide shackle for excellent cut resistance<\/span><\/li>\n<\/ul>\n<\/div>\n<p><img loading=\"lazy\" decoding=\"async\" class=\"alignnone size-large wp-image-762\" src=\"https:\/\/www.senwai.com.vn\/wp-content\/uploads\/2025\/04\/6970F_A1-1024x282.jpg\" alt=\"\" width=\"1020\" height=\"281\" srcset=\"https:\/\/www.senwai.com.vn\/wp-content\/uploads\/2025\/04\/6970F_A1-1024x282.jpg 1024w, https:\/\/www.senwai.com.vn\/wp-content\/uploads\/2025\/04\/6970F_A1-300x83.jpg 300w, https:\/\/www.senwai.com.vn\/wp-content\/uploads\/2025\/04\/6970F_A1-768x211.jpg 768w, https:\/\/www.senwai.com.vn\/wp-content\/uploads\/2025\/04\/6970F_A1-600x165.jpg 600w, https:\/\/www.senwai.com.vn\/wp-content\/uploads\/2025\/04\/6970F_A1.jpg 1500w\" sizes=\"auto, (max-width: 1020px) 100vw, 1020px\" \/><\/p>\n<h3><strong><span style=\"font-size: 24px;\">Overview<\/span><\/strong><\/h3>\n<div><span style=\"font-size: 18px;\">The Master Lock No. 1175DLH ProSeries\u00ae Resettable Combination Padlock \u2013 packed in carded packing for showroom display \u2013 is designed for commercial\/industrial applications and features a 2-1\/4in (57mm) wide solid brass body for superior corrosion resistance and a 2-1\/16in (53mm) tall, 3\/8in (10mm) diameter octagonal boron-carbide shackle for ultimate cut resistance. A set-your-own combination feature offers convenience and security with 10,000 possible combinations \u2013 no reset tool required \u2013 and a deadlocking mechanism protects against prying, shimming and rap attacks.<\/span><\/div>\n<section id=\"bestuses\">\n<h3><strong><span style=\"font-size: 24px;\">Best Used For: Severe Use<\/span><\/strong><\/h3>\n<ul>\n<li><span style=\"font-size: 18px;\">Security Gates &amp; Fences<\/span><\/li>\n<li><span style=\"font-size: 18px;\">Self-Storage Units &amp; Lockers<\/span><\/li>\n<li><span style=\"font-size: 18px;\">Manufacturing Environments<\/span><\/li>\n<li><span style=\"font-size: 18px;\">Utility Meters, Substations &amp; Cable Boxes<\/span><\/li>\n<\/ul>\n<\/section>\n<p><img loading=\"lazy\" decoding=\"async\" class=\"alignnone size-full wp-image-760\" src=\"https:\/\/www.senwai.com.vn\/wp-content\/uploads\/2025\/04\/business-severe-use.jpg\" alt=\"\" width=\"565\" height=\"223\" srcset=\"https:\/\/www.senwai.com.vn\/wp-content\/uploads\/2025\/04\/business-severe-use.jpg 565w, https:\/\/www.senwai.com.vn\/wp-content\/uploads\/2025\/04\/business-severe-use-300x118.jpg 300w\" sizes=\"auto, (max-width: 565px) 100vw, 565px\" \/><\/p>\n","protected":false},"excerpt":{"rendered":"<div>\n<h1><strong><span style=\"font-size: 20px;\">1175DLH<\/span><\/strong><\/h1>\n<p><span style=\"font-size: 18px;\">ProSeries\u00ae Combination Padlock 2-1\/4in (57mm) Wide ProSeries\u00ae Brass Resettable Combination Padlock with 2-1\/16in (53mm) Shackle<\/span><\/p>\n<p><span style=\"font-size: 18px;\">\u1ed4 kh\u00f3a m\u00e3 s\u1ed1 ProSeries\u00ae \u2013 Th\u00e2n \u0111\u1ed3ng thau ProSeries\u00ae r\u1ed9ng 57mm (2-1\/4 inch), c\u00f3 th\u1ec3 \u0111\u1eb7t l\u1ea1i m\u00e3 s\u1ed1, k\u00e8m c\u00e0ng kh\u00f3a cao 53mm (2-1\/16 inch)<\/span><\/p>\n<\/div>\n","protected":false},"featured_media":767,"comment_status":"open","ping_status":"closed","template":"","meta":[],"product_brand":[76],"product_cat":[61],"product_tag":[],"class_list":{"0":"post-776","1":"product","2":"type-product","3":"status-publish","4":"has-post-thumbnail","6":"product_brand-masterlock","7":"product_cat-masterlock","9":"first","10":"instock","11":"shipping-taxable","12":"purchasable","13":"product-type-simple"},"acf":[],"_links":{"self":[{"href":"https:\/\/www.senwai.com.vn\/en\/wp-json\/wp\/v2\/product\/776","targetHints":{"allow":["GET"]}}],"collection":[{"href":"https:\/\/www.senwai.com.vn\/en\/wp-json\/wp\/v2\/product"}],"about":[{"href":"https:\/\/www.senwai.com.vn\/en\/wp-json\/wp\/v2\/types\/product"}],"replies":[{"embeddable":true,"href":"https:\/\/www.senwai.com.vn\/en\/wp-json\/wp\/v2\/comments?post=776"}],"wp:featuredmedia":[{"embeddable":true,"href":"https:\/\/www.senwai.com.vn\/en\/wp-json\/wp\/v2\/media\/767"}],"wp:attachment":[{"href":"https:\/\/www.senwai.com.vn\/en\/wp-json\/wp\/v2\/media?parent=776"}],"wp:term":[{"taxonomy":"product_brand","embeddable":true,"href":"https:\/\/www.senwai.com.vn\/en\/wp-json\/wp\/v2\/product_brand?post=776"},{"taxonomy":"product_cat","embeddable":true,"href":"https:\/\/www.senwai.com.vn\/en\/wp-json\/wp\/v2\/product_cat?post=776"},{"taxonomy":"product_tag","embeddable":true,"href":"https:\/\/www.senwai.com.vn\/en\/wp-json\/wp\/v2\/product_tag?post=776"}],"curies":[{"name":"wp","href":"https:\/\/api.w.org\/{rel}","templated":true}]}}